{"id":7103,"date":"2026-03-21T21:06:46","date_gmt":"2026-03-21T21:06:46","guid":{"rendered":"https:\/\/cours-faciles.fr\/?page_id=7103"},"modified":"2026-03-21T21:53:15","modified_gmt":"2026-03-21T21:53:15","slug":"reserver-cours-fle","status":"publish","type":"page","link":"https:\/\/cours-faciles.fr\/en\/reserver-cours-fle\/","title":{"rendered":"R\u00e9server mes s\u00e9ances"},"content":{"rendered":"<div data-elementor-type=\"wp-page\" data-elementor-id=\"7103\" class=\"elementor elementor-7103\">\n\t\t\t\t<div class=\"elementor-element elementor-element-342f7bd e-con-full e-flex wcf-starter-animations-none e-con e-parent\" data-id=\"342f7bd\" data-element_type=\"container\" data-e-type=\"container\" data-settings=\"{&quot;wcf_enable_cursor_hover_effect_text&quot;:&quot;View&quot;,&quot;wcf-animation&quot;:&quot;none&quot;}\">\n\t\t\t\t<div class=\"elementor-element elementor-element-8c79631 elementor-widget elementor-widget-html\" data-id=\"8c79631\" data-element_type=\"widget\" data-e-type=\"widget\" data-settings=\"{&quot;wcf-animation&quot;:&quot;none&quot;}\" data-widget_type=\"html.default\">\n\t\t\t\t\t<div style=\"width:100%;height:500px;\" data-fillout-id=\"fxSptmHHrPus\" data-fillout-embed-type=\"standard\" data-fillout-inherit-parameters data-fillout-dynamic-resize><\/div><script src=\"https:\/\/server.fillout.com\/embed\/v1\/\"><\/script>\t\t\t\t<\/div>\n\t\t\t\t<\/div>\n\t\t\t\t<\/div>","protected":false},"excerpt":{"rendered":"","protected":false},"author":1,"featured_media":0,"parent":0,"menu_order":0,"comment_status":"closed","ping_status":"closed","template":"elementor_header_footer","meta":{"footnotes":""},"class_list":["post-7103","page","type-page","status-publish","hentry"],"yoast_head":"<!-- This site is optimized with the Yoast SEO plugin v27.2 - https:\/\/yoast.com\/product\/yoast-seo-wordpress\/ -->\n<title>R\u00e9server mes s\u00e9ances - Cours de fran\u00e7ais FLE personnalis\u00e9s en ligne - Cours de Fran\u00e7ais<\/title>\n<meta name=\"robots\" content=\"index, follow, max-snippet:-1, max-image-preview:large, max-video-preview:-1\" \/>\n<link rel=\"canonical\" href=\"https:\/\/cours-faciles.fr\/en\/reserver-cours-fle\/\" \/>\n<meta property=\"og:locale\" content=\"en_US\" \/>\n<meta property=\"og:type\" content=\"article\" \/>\n<meta property=\"og:title\" content=\"R\u00e9server mes s\u00e9ances - Cours de fran\u00e7ais FLE personnalis\u00e9s en ligne - Cours de Fran\u00e7ais\" \/>\n<meta property=\"og:url\" content=\"https:\/\/cours-faciles.fr\/en\/reserver-cours-fle\/\" \/>\n<meta property=\"og:site_name\" content=\"Cours de fran\u00e7ais FLE personnalis\u00e9s en ligne - Cours de Fran\u00e7ais\" \/>\n<meta property=\"article:modified_time\" content=\"2026-03-21T21:53:15+00:00\" \/>\n<meta name=\"twitter:card\" content=\"summary_large_image\" \/>\n<script type=\"application\/ld+json\" class=\"yoast-schema-graph\">{\"@context\":\"https:\/\/schema.org\",\"@graph\":[{\"@type\":\"WebPage\",\"@id\":\"https:\/\/cours-faciles.fr\/reserver-cours-fle\/\",\"url\":\"https:\/\/cours-faciles.fr\/reserver-cours-fle\/\",\"name\":\"R\u00e9server mes s\u00e9ances - Cours de fran\u00e7ais FLE personnalis\u00e9s en ligne - Cours de Fran\u00e7ais\",\"isPartOf\":{\"@id\":\"https:\/\/cours-faciles.fr\/#website\"},\"datePublished\":\"2026-03-21T21:06:46+00:00\",\"dateModified\":\"2026-03-21T21:53:15+00:00\",\"breadcrumb\":{\"@id\":\"https:\/\/cours-faciles.fr\/reserver-cours-fle\/#breadcrumb\"},\"inLanguage\":\"en-US\",\"potentialAction\":[{\"@type\":\"ReadAction\",\"target\":[\"https:\/\/cours-faciles.fr\/reserver-cours-fle\/\"]}]},{\"@type\":\"BreadcrumbList\",\"@id\":\"https:\/\/cours-faciles.fr\/reserver-cours-fle\/#breadcrumb\",\"itemListElement\":[{\"@type\":\"ListItem\",\"position\":1,\"name\":\"Accueil\",\"item\":\"https:\/\/cours-faciles.fr\/\"},{\"@type\":\"ListItem\",\"position\":2,\"name\":\"R\u00e9server mes s\u00e9ances\"}]},{\"@type\":\"WebSite\",\"@id\":\"https:\/\/cours-faciles.fr\/#website\",\"url\":\"https:\/\/cours-faciles.fr\/\",\"name\":\"Cours de fran\u00e7ais FLE personnalis\u00e9s en ligne - Cours de Fran\u00e7ais\",\"description\":\"Apprenez le fran\u00e7ais avec passion, excellez dans vos \u00e9tudes avec notre accompagnement.\",\"publisher\":{\"@id\":\"https:\/\/cours-faciles.fr\/#organization\"},\"potentialAction\":[{\"@type\":\"SearchAction\",\"target\":{\"@type\":\"EntryPoint\",\"urlTemplate\":\"https:\/\/cours-faciles.fr\/?s={search_term_string}\"},\"query-input\":{\"@type\":\"PropertyValueSpecification\",\"valueRequired\":true,\"valueName\":\"search_term_string\"}}],\"inLanguage\":\"en-US\"},{\"@type\":\"Organization\",\"@id\":\"https:\/\/cours-faciles.fr\/#organization\",\"name\":\"Cours-Faciles.fr\",\"url\":\"https:\/\/cours-faciles.fr\/\",\"logo\":{\"@type\":\"ImageObject\",\"inLanguage\":\"en-US\",\"@id\":\"https:\/\/cours-faciles.fr\/#\/schema\/logo\/image\/\",\"url\":\"https:\/\/cours-faciles.fr\/wp-content\/uploads\/2026\/02\/minilogo-cours-faciles.jpg\",\"contentUrl\":\"https:\/\/cours-faciles.fr\/wp-content\/uploads\/2026\/02\/minilogo-cours-faciles.jpg\",\"width\":600,\"height\":600,\"caption\":\"Cours-Faciles.fr\"},\"image\":{\"@id\":\"https:\/\/cours-faciles.fr\/#\/schema\/logo\/image\/\"}}]}<\/script>\n<!-- \/ Yoast SEO plugin. -->","yoast_head_json":{"title":"R\u00e9server mes s\u00e9ances - Cours de fran\u00e7ais FLE personnalis\u00e9s en ligne - Cours de Fran\u00e7ais","robots":{"index":"index","follow":"follow","max-snippet":"max-snippet:-1","max-image-preview":"max-image-preview:large","max-video-preview":"max-video-preview:-1"},"canonical":"https:\/\/cours-faciles.fr\/en\/reserver-cours-fle\/","og_locale":"en_US","og_type":"article","og_title":"R\u00e9server mes s\u00e9ances - Cours de fran\u00e7ais FLE personnalis\u00e9s en ligne - Cours de Fran\u00e7ais","og_url":"https:\/\/cours-faciles.fr\/en\/reserver-cours-fle\/","og_site_name":"Cours de fran\u00e7ais FLE personnalis\u00e9s en ligne - Cours de Fran\u00e7ais","article_modified_time":"2026-03-21T21:53:15+00:00","twitter_card":"summary_large_image","schema":{"@context":"https:\/\/schema.org","@graph":[{"@type":"WebPage","@id":"https:\/\/cours-faciles.fr\/reserver-cours-fle\/","url":"https:\/\/cours-faciles.fr\/reserver-cours-fle\/","name":"R\u00e9server mes s\u00e9ances - Cours de fran\u00e7ais FLE personnalis\u00e9s en ligne - Cours de Fran\u00e7ais","isPartOf":{"@id":"https:\/\/cours-faciles.fr\/#website"},"datePublished":"2026-03-21T21:06:46+00:00","dateModified":"2026-03-21T21:53:15+00:00","breadcrumb":{"@id":"https:\/\/cours-faciles.fr\/reserver-cours-fle\/#breadcrumb"},"inLanguage":"en-US","potentialAction":[{"@type":"ReadAction","target":["https:\/\/cours-faciles.fr\/reserver-cours-fle\/"]}]},{"@type":"BreadcrumbList","@id":"https:\/\/cours-faciles.fr\/reserver-cours-fle\/#breadcrumb","itemListElement":[{"@type":"ListItem","position":1,"name":"Accueil","item":"https:\/\/cours-faciles.fr\/"},{"@type":"ListItem","position":2,"name":"R\u00e9server mes s\u00e9ances"}]},{"@type":"WebSite","@id":"https:\/\/cours-faciles.fr\/#website","url":"https:\/\/cours-faciles.fr\/","name":"Cours de fran\u00e7ais FLE personnalis\u00e9s en ligne - Cours de Fran\u00e7ais","description":"Apprenez le fran\u00e7ais avec passion, excellez dans vos \u00e9tudes avec notre accompagnement.","publisher":{"@id":"https:\/\/cours-faciles.fr\/#organization"},"potentialAction":[{"@type":"SearchAction","target":{"@type":"EntryPoint","urlTemplate":"https:\/\/cours-faciles.fr\/?s={search_term_string}"},"query-input":{"@type":"PropertyValueSpecification","valueRequired":true,"valueName":"search_term_string"}}],"inLanguage":"en-US"},{"@type":"Organization","@id":"https:\/\/cours-faciles.fr\/#organization","name":"Cours-Faciles.fr","url":"https:\/\/cours-faciles.fr\/","logo":{"@type":"ImageObject","inLanguage":"en-US","@id":"https:\/\/cours-faciles.fr\/#\/schema\/logo\/image\/","url":"https:\/\/cours-faciles.fr\/wp-content\/uploads\/2026\/02\/minilogo-cours-faciles.jpg","contentUrl":"https:\/\/cours-faciles.fr\/wp-content\/uploads\/2026\/02\/minilogo-cours-faciles.jpg","width":600,"height":600,"caption":"Cours-Faciles.fr"},"image":{"@id":"https:\/\/cours-faciles.fr\/#\/schema\/logo\/image\/"}}]}},"_links":{"self":[{"href":"https:\/\/cours-faciles.fr\/en\/wp-json\/wp\/v2\/pages\/7103","targetHints":{"allow":["GET"]}}],"collection":[{"href":"https:\/\/cours-faciles.fr\/en\/wp-json\/wp\/v2\/pages"}],"about":[{"href":"https:\/\/cours-faciles.fr\/en\/wp-json\/wp\/v2\/types\/page"}],"author":[{"embeddable":true,"href":"https:\/\/cours-faciles.fr\/en\/wp-json\/wp\/v2\/users\/1"}],"replies":[{"embeddable":true,"href":"https:\/\/cours-faciles.fr\/en\/wp-json\/wp\/v2\/comments?post=7103"}],"version-history":[{"count":18,"href":"https:\/\/cours-faciles.fr\/en\/wp-json\/wp\/v2\/pages\/7103\/revisions"}],"predecessor-version":[{"id":7124,"href":"https:\/\/cours-faciles.fr\/en\/wp-json\/wp\/v2\/pages\/7103\/revisions\/7124"}],"wp:attachment":[{"href":"https:\/\/cours-faciles.fr\/en\/wp-json\/wp\/v2\/media?parent=7103"}],"curies":[{"name":"wp","href":"https:\/\/api.w.org\/{rel}","templated":true}]}}