{"id":6316,"date":"2026-02-18T22:26:47","date_gmt":"2026-02-18T22:26:47","guid":{"rendered":"https:\/\/cours-faciles.fr\/?page_id=6316"},"modified":"2026-02-19T09:34:23","modified_gmt":"2026-02-19T09:34:23","slug":"mentions-legales","status":"publish","type":"page","link":"https:\/\/cours-faciles.fr\/en\/mentions-legales\/","title":{"rendered":"Legal Notices"},"content":{"rendered":"<div data-elementor-type=\"wp-page\" data-elementor-id=\"6316\" class=\"elementor elementor-6316\">\n\t\t\t\t<div class=\"elementor-element elementor-element-505bab4 e-flex e-con-boxed wcf-starter-animations-none e-con e-parent\" data-id=\"505bab4\" data-element_type=\"container\" data-e-type=\"container\" data-settings=\"{&quot;wcf_enable_cursor_hover_effect_text&quot;:&quot;View&quot;,&quot;wcf-animation&quot;:&quot;none&quot;}\">\n\t\t\t\t\t<div class=\"e-con-inner\">\n\t\t\t\t<div class=\"elementor-element elementor-element-5755824 elementor-widget elementor-widget-spacer\" data-id=\"5755824\" data-element_type=\"widget\" data-e-type=\"widget\" data-settings=\"{&quot;wcf-animation&quot;:&quot;none&quot;}\" data-widget_type=\"spacer.default\">\n\t\t\t\t\t\t\t<div class=\"elementor-spacer\">\n\t\t\t<div class=\"elementor-spacer-inner\"><\/div>\n\t\t<\/div>\n\t\t\t\t\t\t<\/div>\n\t\t\t\t<div class=\"elementor-element elementor-element-e4d2e08 wcf-starter-animations-none wcf-t-animation-none elementor-widget elementor-widget-heading\" data-id=\"e4d2e08\" data-element_type=\"widget\" data-e-type=\"widget\" data-settings=\"{&quot;wcf_starter_animations&quot;:&quot;none&quot;,&quot;wcf_anim_duration&quot;:1000,&quot;wcf_anim_delay&quot;:0,&quot;wcf_anim_ease&quot;:&quot;ease&quot;,&quot;wcf_text_animation&quot;:&quot;none&quot;,&quot;wcf-animation&quot;:&quot;none&quot;}\" data-widget_type=\"heading.default\">\n\t\t\t\t\t<div class=\"elementor-widget-container\"><h1 class=\"elementor-heading-title elementor-size-default\">Mentions l\u00e9gales<\/h1><\/div>\t\t\t\t<\/div>\n\t\t\t\t<div class=\"elementor-element elementor-element-606c755 elementor-widget__width-auto wcf-starter-animations-none wcf-t-animation-none elementor-widget elementor-widget-text-editor\" data-id=\"606c755\" data-element_type=\"widget\" data-e-type=\"widget\" data-settings=\"{&quot;wcf_starter_animations&quot;:&quot;none&quot;,&quot;wcf_anim_duration&quot;:1000,&quot;wcf_anim_delay&quot;:0,&quot;wcf_anim_ease&quot;:&quot;ease&quot;,&quot;wcf_text_animation&quot;:&quot;none&quot;,&quot;wcf-animation&quot;:&quot;none&quot;}\" data-widget_type=\"text-editor.default\">\n\t\t\t\t\t<div class=\"elementor-widget-container\">\t\t\t\t<p><strong>Cours-Faciles.fr est \u00e9dit\u00e9 par \u200b:\u00a0<\/strong> JULES Charl\u00e8ne &#8211; Fondatrice &amp; Directrice de publication\u00a0<\/p><p><strong>Raison sociale :<\/strong> CHARLENE JULES<br \/>Nom Commercial : Cours-Faciles<br \/>SIRET : 10133869700010<br \/>Micro-Entreprise sans Capital social<br \/><strong>TVA non applicable selon l&rsquo;article 293 B du Code G\u00e9n\u00e9ral des Imp\u00f4ts (CGI)\u00a0<\/strong><\/p><p>Adresse postale : 15 Avenue des Primev\u00e8res<br \/>D\u00e9partement &amp; Ville : 93270 &#8211; Sevran<br \/>E-mail : contact@cours-faciles.fr<\/p>\t\t\t\t<\/div>\t\t\t\t<\/div>\n\t\t\t\t<div class=\"elementor-element elementor-element-94efc39 wcf-starter-animations-none wcf-t-animation-none elementor-widget elementor-widget-heading\" data-id=\"94efc39\" data-element_type=\"widget\" data-e-type=\"widget\" data-settings=\"{&quot;wcf_starter_animations&quot;:&quot;none&quot;,&quot;wcf_anim_duration&quot;:1000,&quot;wcf_anim_delay&quot;:0,&quot;wcf_anim_ease&quot;:&quot;ease&quot;,&quot;wcf_text_animation&quot;:&quot;none&quot;,&quot;wcf-animation&quot;:&quot;none&quot;}\" data-widget_type=\"heading.default\">\n\t\t\t\t\t<div class=\"elementor-widget-container\"><h2 class=\"elementor-heading-title elementor-size-default\">H\u00e9bergement Web<\/h2><\/div>\t\t\t\t<\/div>\n\t\t\t\t<div class=\"elementor-element elementor-element-ecbdd98 elementor-widget__width-auto wcf-starter-animations-none wcf-t-animation-none elementor-widget elementor-widget-text-editor\" data-id=\"ecbdd98\" data-element_type=\"widget\" data-e-type=\"widget\" data-settings=\"{&quot;wcf_starter_animations&quot;:&quot;none&quot;,&quot;wcf_anim_duration&quot;:1000,&quot;wcf_anim_delay&quot;:0,&quot;wcf_anim_ease&quot;:&quot;ease&quot;,&quot;wcf_text_animation&quot;:&quot;none&quot;,&quot;wcf-animation&quot;:&quot;none&quot;}\" data-widget_type=\"text-editor.default\">\n\t\t\t\t\t<div class=\"elementor-widget-container\">\t\t\t\t<p>Notre site Cours Faciles est h\u00e9berg\u00e9 sur un serveur d\u00e9di\u00e9 de chez l&rsquo;h\u00e9bergeur OVH.<\/p><p><strong>Adresse postale :<\/strong><\/p><p><strong>OVH<\/strong><\/p><p>SAS au capital de 10 174 560 \u20ac<\/p><p>RCS Lille M\u00e9tropole 424 761 419 00045<\/p><p>Code APE 2620Z<\/p><p><strong>N\u00b0 TVA :<\/strong> FR 22 424 761 419<\/p><p><strong>Si\u00e8ge social :<\/strong> 2 rue Kellermann &#8211; 59100 Roubaix &#8211; France<\/p><p><strong>Pr\u00e9sident :<\/strong> Michel Paulin<\/p>\t\t\t\t<\/div>\t\t\t\t<\/div>\n\t\t\t\t<div class=\"elementor-element elementor-element-81bcf3e wcf-starter-animations-none wcf-t-animation-none elementor-widget elementor-widget-heading\" data-id=\"81bcf3e\" data-element_type=\"widget\" data-e-type=\"widget\" data-settings=\"{&quot;wcf_starter_animations&quot;:&quot;none&quot;,&quot;wcf_anim_duration&quot;:1000,&quot;wcf_anim_delay&quot;:0,&quot;wcf_anim_ease&quot;:&quot;ease&quot;,&quot;wcf_text_animation&quot;:&quot;none&quot;,&quot;wcf-animation&quot;:&quot;none&quot;}\" data-widget_type=\"heading.default\">\n\t\t\t\t\t<div class=\"elementor-widget-container\"><h2 class=\"elementor-heading-title elementor-size-default\">Conditions d'utilisation du site Internet<\/h2><\/div>\t\t\t\t<\/div>\n\t\t\t\t<div class=\"elementor-element elementor-element-841ef86 elementor-widget__width-auto wcf-starter-animations-none wcf-t-animation-none elementor-widget elementor-widget-text-editor\" data-id=\"841ef86\" data-element_type=\"widget\" data-e-type=\"widget\" data-settings=\"{&quot;wcf_starter_animations&quot;:&quot;none&quot;,&quot;wcf_anim_duration&quot;:1000,&quot;wcf_anim_delay&quot;:0,&quot;wcf_anim_ease&quot;:&quot;ease&quot;,&quot;wcf_text_animation&quot;:&quot;none&quot;,&quot;wcf-animation&quot;:&quot;none&quot;}\" data-widget_type=\"text-editor.default\">\n\t\t\t\t\t<div class=\"elementor-widget-container\">\t\t\t\t<p>Le site et chacun des \u00e9l\u00e9ments, y compris mais sans limitation les marques, les logos, ic\u00f4nes, infographies, photographies, qui le composent sont prot\u00e9g\u00e9s au titre de la l\u00e9gislation internationale de la propri\u00e9t\u00e9 intellectuelle. Les contenus figurant sur le site sont la propri\u00e9t\u00e9 de CHARLENE JULES. Toute utilisation, reproduction ou repr\u00e9sentation, par quelque proc\u00e9d\u00e9 que ce soit, et sur quelque support que ce soit, de tout ou partie du site et\/ou des \u00e9l\u00e9ments qui le composent n&rsquo;est pas autoris\u00e9e sans le consentement expresse de Cours-Faciles.fr (CHARLENE JULES). Toutes les autres marques qui figurent sur le pr\u00e9sent site internet sont la propri\u00e9t\u00e9 de leurs titulaires respectifs.<\/p>\t\t\t\t<\/div>\t\t\t\t<\/div>\n\t\t\t\t<div class=\"elementor-element elementor-element-12c2ec7 wcf-starter-animations-none wcf-t-animation-none elementor-widget elementor-widget-heading\" data-id=\"12c2ec7\" data-element_type=\"widget\" data-e-type=\"widget\" data-settings=\"{&quot;wcf_starter_animations&quot;:&quot;none&quot;,&quot;wcf_anim_duration&quot;:1000,&quot;wcf_anim_delay&quot;:0,&quot;wcf_anim_ease&quot;:&quot;ease&quot;,&quot;wcf_text_animation&quot;:&quot;none&quot;,&quot;wcf-animation&quot;:&quot;none&quot;}\" data-widget_type=\"heading.default\">\n\t\t\t\t\t<div class=\"elementor-widget-container\"><h2 class=\"elementor-heading-title elementor-size-default\">Donn\u00e9es personnelles<\/h2><\/div>\t\t\t\t<\/div>\n\t\t\t\t<div class=\"elementor-element elementor-element-e356815 elementor-widget__width-auto wcf-starter-animations-none wcf-t-animation-none elementor-widget elementor-widget-text-editor\" data-id=\"e356815\" data-element_type=\"widget\" data-e-type=\"widget\" data-settings=\"{&quot;wcf_starter_animations&quot;:&quot;none&quot;,&quot;wcf_anim_duration&quot;:1000,&quot;wcf_anim_delay&quot;:0,&quot;wcf_anim_ease&quot;:&quot;ease&quot;,&quot;wcf_text_animation&quot;:&quot;none&quot;,&quot;wcf-animation&quot;:&quot;none&quot;}\" data-widget_type=\"text-editor.default\">\n\t\t\t\t\t<div class=\"elementor-widget-container\">\t\t\t\t<p>D&rsquo;une fa\u00e7on g\u00e9n\u00e9rale, vous pouvez visiter notre site sur Internet sans avoir \u00e0 d\u00e9cliner votre identit\u00e9 et \u00e0 fournir des informations personnelles vous concernant. Cependant, nous pouvons parfois vous demander des informations. Par exemple, pour traiter une commande, \u00e9tablir une correspondance, fournir un abonnement ou soumettre une candidature \u00e0 un poste. Nous pouvons compl\u00e9ter ces informations pour conclure une transaction ou offrir un meilleur service.<\/p>\t\t\t\t<\/div>\t\t\t\t<\/div>\n\t\t\t\t\t<\/div>\n\t\t\t\t<\/div>\n\t\t\t\t<\/div>","protected":false},"excerpt":{"rendered":"<p>Mentions l\u00e9gales Cours-Faciles.fr est \u00e9dit\u00e9 par \u200b:\u00a0 JULES Charl\u00e8ne &#8211; Fondatrice &amp; Directrice de publication\u00a0 Raison sociale : CHARLENE JULESNom Commercial : Cours-FacilesSIRET : 10133869700010Micro-Entreprise sans Capital socialTVA non applicable selon l&rsquo;article 293 B du Code G\u00e9n\u00e9ral des Imp\u00f4ts (CGI)\u00a0 Adresse postale : 15 Avenue des Primev\u00e8resD\u00e9partement &amp; Ville : 93270 &#8211; SevranE-mail : contact@cours-faciles.fr [&hellip;]<\/p>\n","protected":false},"author":1,"featured_media":0,"parent":0,"menu_order":0,"comment_status":"closed","ping_status":"closed","template":"elementor_header_footer","meta":{"footnotes":""},"class_list":["post-6316","page","type-page","status-publish","hentry"],"yoast_head":"<!-- This site is optimized with the Yoast SEO plugin v27.2 - https:\/\/yoast.com\/product\/yoast-seo-wordpress\/ -->\n<title>Mentions L\u00e9gales - Cours de fran\u00e7ais FLE personnalis\u00e9s en ligne - Cours de Fran\u00e7ais<\/title>\n<meta name=\"robots\" content=\"index, follow, max-snippet:-1, max-image-preview:large, max-video-preview:-1\" \/>\n<link rel=\"canonical\" href=\"https:\/\/cours-faciles.fr\/en\/mentions-legales\/\" \/>\n<meta property=\"og:locale\" content=\"en_US\" \/>\n<meta property=\"og:type\" content=\"article\" \/>\n<meta property=\"og:title\" content=\"Mentions L\u00e9gales - Cours de fran\u00e7ais FLE personnalis\u00e9s en ligne - Cours de Fran\u00e7ais\" \/>\n<meta property=\"og:description\" content=\"Mentions l\u00e9gales Cours-Faciles.fr est \u00e9dit\u00e9 par \u200b:\u00a0 JULES Charl\u00e8ne &#8211; Fondatrice &amp; Directrice de publication\u00a0 Raison sociale : CHARLENE JULESNom Commercial : Cours-FacilesSIRET : 10133869700010Micro-Entreprise sans Capital socialTVA non applicable selon l&rsquo;article 293 B du Code G\u00e9n\u00e9ral des Imp\u00f4ts (CGI)\u00a0 Adresse postale : 15 Avenue des Primev\u00e8resD\u00e9partement &amp; Ville : 93270 &#8211; SevranE-mail : contact@cours-faciles.fr [&hellip;]\" \/>\n<meta property=\"og:url\" content=\"https:\/\/cours-faciles.fr\/en\/mentions-legales\/\" \/>\n<meta property=\"og:site_name\" content=\"Cours de fran\u00e7ais FLE personnalis\u00e9s en ligne - Cours de Fran\u00e7ais\" \/>\n<meta property=\"article:modified_time\" content=\"2026-02-19T09:34:23+00:00\" \/>\n<meta name=\"twitter:card\" content=\"summary_large_image\" \/>\n<meta name=\"twitter:label1\" content=\"Est. reading time\" \/>\n\t<meta name=\"twitter:data1\" content=\"2 minutes\" \/>\n<script type=\"application\/ld+json\" class=\"yoast-schema-graph\">{\"@context\":\"https:\/\/schema.org\",\"@graph\":[{\"@type\":\"WebPage\",\"@id\":\"https:\/\/cours-faciles.fr\/mentions-legales\/\",\"url\":\"https:\/\/cours-faciles.fr\/mentions-legales\/\",\"name\":\"Mentions L\u00e9gales - Cours de fran\u00e7ais FLE personnalis\u00e9s en ligne - Cours de Fran\u00e7ais\",\"isPartOf\":{\"@id\":\"https:\/\/cours-faciles.fr\/#website\"},\"datePublished\":\"2026-02-18T22:26:47+00:00\",\"dateModified\":\"2026-02-19T09:34:23+00:00\",\"breadcrumb\":{\"@id\":\"https:\/\/cours-faciles.fr\/mentions-legales\/#breadcrumb\"},\"inLanguage\":\"en-US\",\"potentialAction\":[{\"@type\":\"ReadAction\",\"target\":[\"https:\/\/cours-faciles.fr\/mentions-legales\/\"]}]},{\"@type\":\"BreadcrumbList\",\"@id\":\"https:\/\/cours-faciles.fr\/mentions-legales\/#breadcrumb\",\"itemListElement\":[{\"@type\":\"ListItem\",\"position\":1,\"name\":\"Accueil\",\"item\":\"https:\/\/cours-faciles.fr\/\"},{\"@type\":\"ListItem\",\"position\":2,\"name\":\"Mentions L\u00e9gales\"}]},{\"@type\":\"WebSite\",\"@id\":\"https:\/\/cours-faciles.fr\/#website\",\"url\":\"https:\/\/cours-faciles.fr\/\",\"name\":\"Cours de fran\u00e7ais FLE personnalis\u00e9s en ligne - Cours de Fran\u00e7ais\",\"description\":\"Apprenez le fran\u00e7ais avec passion, excellez dans vos \u00e9tudes avec notre accompagnement.\",\"publisher\":{\"@id\":\"https:\/\/cours-faciles.fr\/#organization\"},\"potentialAction\":[{\"@type\":\"SearchAction\",\"target\":{\"@type\":\"EntryPoint\",\"urlTemplate\":\"https:\/\/cours-faciles.fr\/?s={search_term_string}\"},\"query-input\":{\"@type\":\"PropertyValueSpecification\",\"valueRequired\":true,\"valueName\":\"search_term_string\"}}],\"inLanguage\":\"en-US\"},{\"@type\":\"Organization\",\"@id\":\"https:\/\/cours-faciles.fr\/#organization\",\"name\":\"Cours-Faciles.fr\",\"url\":\"https:\/\/cours-faciles.fr\/\",\"logo\":{\"@type\":\"ImageObject\",\"inLanguage\":\"en-US\",\"@id\":\"https:\/\/cours-faciles.fr\/#\/schema\/logo\/image\/\",\"url\":\"https:\/\/cours-faciles.fr\/wp-content\/uploads\/2026\/02\/minilogo-cours-faciles.jpg\",\"contentUrl\":\"https:\/\/cours-faciles.fr\/wp-content\/uploads\/2026\/02\/minilogo-cours-faciles.jpg\",\"width\":600,\"height\":600,\"caption\":\"Cours-Faciles.fr\"},\"image\":{\"@id\":\"https:\/\/cours-faciles.fr\/#\/schema\/logo\/image\/\"}}]}<\/script>\n<!-- \/ Yoast SEO plugin. -->","yoast_head_json":{"title":"Mentions L\u00e9gales - Cours de fran\u00e7ais FLE personnalis\u00e9s en ligne - Cours de Fran\u00e7ais","robots":{"index":"index","follow":"follow","max-snippet":"max-snippet:-1","max-image-preview":"max-image-preview:large","max-video-preview":"max-video-preview:-1"},"canonical":"https:\/\/cours-faciles.fr\/en\/mentions-legales\/","og_locale":"en_US","og_type":"article","og_title":"Mentions L\u00e9gales - Cours de fran\u00e7ais FLE personnalis\u00e9s en ligne - Cours de Fran\u00e7ais","og_description":"Mentions l\u00e9gales Cours-Faciles.fr est \u00e9dit\u00e9 par \u200b:\u00a0 JULES Charl\u00e8ne &#8211; Fondatrice &amp; Directrice de publication\u00a0 Raison sociale : CHARLENE JULESNom Commercial : Cours-FacilesSIRET : 10133869700010Micro-Entreprise sans Capital socialTVA non applicable selon l&rsquo;article 293 B du Code G\u00e9n\u00e9ral des Imp\u00f4ts (CGI)\u00a0 Adresse postale : 15 Avenue des Primev\u00e8resD\u00e9partement &amp; Ville : 93270 &#8211; SevranE-mail : contact@cours-faciles.fr [&hellip;]","og_url":"https:\/\/cours-faciles.fr\/en\/mentions-legales\/","og_site_name":"Cours de fran\u00e7ais FLE personnalis\u00e9s en ligne - Cours de Fran\u00e7ais","article_modified_time":"2026-02-19T09:34:23+00:00","twitter_card":"summary_large_image","twitter_misc":{"Est. reading time":"2 minutes"},"schema":{"@context":"https:\/\/schema.org","@graph":[{"@type":"WebPage","@id":"https:\/\/cours-faciles.fr\/mentions-legales\/","url":"https:\/\/cours-faciles.fr\/mentions-legales\/","name":"Mentions L\u00e9gales - Cours de fran\u00e7ais FLE personnalis\u00e9s en ligne - Cours de Fran\u00e7ais","isPartOf":{"@id":"https:\/\/cours-faciles.fr\/#website"},"datePublished":"2026-02-18T22:26:47+00:00","dateModified":"2026-02-19T09:34:23+00:00","breadcrumb":{"@id":"https:\/\/cours-faciles.fr\/mentions-legales\/#breadcrumb"},"inLanguage":"en-US","potentialAction":[{"@type":"ReadAction","target":["https:\/\/cours-faciles.fr\/mentions-legales\/"]}]},{"@type":"BreadcrumbList","@id":"https:\/\/cours-faciles.fr\/mentions-legales\/#breadcrumb","itemListElement":[{"@type":"ListItem","position":1,"name":"Accueil","item":"https:\/\/cours-faciles.fr\/"},{"@type":"ListItem","position":2,"name":"Mentions L\u00e9gales"}]},{"@type":"WebSite","@id":"https:\/\/cours-faciles.fr\/#website","url":"https:\/\/cours-faciles.fr\/","name":"Cours de fran\u00e7ais FLE personnalis\u00e9s en ligne - Cours de Fran\u00e7ais","description":"Apprenez le fran\u00e7ais avec passion, excellez dans vos \u00e9tudes avec notre accompagnement.","publisher":{"@id":"https:\/\/cours-faciles.fr\/#organization"},"potentialAction":[{"@type":"SearchAction","target":{"@type":"EntryPoint","urlTemplate":"https:\/\/cours-faciles.fr\/?s={search_term_string}"},"query-input":{"@type":"PropertyValueSpecification","valueRequired":true,"valueName":"search_term_string"}}],"inLanguage":"en-US"},{"@type":"Organization","@id":"https:\/\/cours-faciles.fr\/#organization","name":"Cours-Faciles.fr","url":"https:\/\/cours-faciles.fr\/","logo":{"@type":"ImageObject","inLanguage":"en-US","@id":"https:\/\/cours-faciles.fr\/#\/schema\/logo\/image\/","url":"https:\/\/cours-faciles.fr\/wp-content\/uploads\/2026\/02\/minilogo-cours-faciles.jpg","contentUrl":"https:\/\/cours-faciles.fr\/wp-content\/uploads\/2026\/02\/minilogo-cours-faciles.jpg","width":600,"height":600,"caption":"Cours-Faciles.fr"},"image":{"@id":"https:\/\/cours-faciles.fr\/#\/schema\/logo\/image\/"}}]}},"_links":{"self":[{"href":"https:\/\/cours-faciles.fr\/en\/wp-json\/wp\/v2\/pages\/6316","targetHints":{"allow":["GET"]}}],"collection":[{"href":"https:\/\/cours-faciles.fr\/en\/wp-json\/wp\/v2\/pages"}],"about":[{"href":"https:\/\/cours-faciles.fr\/en\/wp-json\/wp\/v2\/types\/page"}],"author":[{"embeddable":true,"href":"https:\/\/cours-faciles.fr\/en\/wp-json\/wp\/v2\/users\/1"}],"replies":[{"embeddable":true,"href":"https:\/\/cours-faciles.fr\/en\/wp-json\/wp\/v2\/comments?post=6316"}],"version-history":[{"count":65,"href":"https:\/\/cours-faciles.fr\/en\/wp-json\/wp\/v2\/pages\/6316\/revisions"}],"predecessor-version":[{"id":6605,"href":"https:\/\/cours-faciles.fr\/en\/wp-json\/wp\/v2\/pages\/6316\/revisions\/6605"}],"wp:attachment":[{"href":"https:\/\/cours-faciles.fr\/en\/wp-json\/wp\/v2\/media?parent=6316"}],"curies":[{"name":"wp","href":"https:\/\/api.w.org\/{rel}","templated":true}]}}