{"id":61,"date":"2024-10-29T10:10:09","date_gmt":"2024-10-29T10:10:09","guid":{"rendered":"https:\/\/crowdytheme.com\/wp\/helo\/common-inner\/?page_id=61"},"modified":"2026-02-19T09:09:10","modified_gmt":"2026-02-19T09:09:10","slug":"contact","status":"publish","type":"page","link":"https:\/\/cours-faciles.fr\/en\/contact\/","title":{"rendered":"Contact us"},"content":{"rendered":"<div data-elementor-type=\"wp-page\" data-elementor-id=\"61\" class=\"elementor elementor-61\">\n\t\t\t\t<div class=\"elementor-element elementor-element-3126232 e-flex e-con-boxed wcf-starter-animations-none e-con e-parent\" data-id=\"3126232\" data-element_type=\"container\" data-e-type=\"container\" data-settings=\"{&quot;wcf_enable_cursor_hover_effect_text&quot;:&quot;View&quot;,&quot;wcf-animation&quot;:&quot;none&quot;}\">\n\t\t\t\t\t<div class=\"e-con-inner\">\n\t\t\t\t<div class=\"elementor-element elementor-element-6ad5235 elementor-widget elementor-widget-spacer\" data-id=\"6ad5235\" data-element_type=\"widget\" data-e-type=\"widget\" data-settings=\"{&quot;wcf-animation&quot;:&quot;none&quot;}\" data-widget_type=\"spacer.default\">\n\t\t\t\t\t\t\t<div class=\"elementor-spacer\">\n\t\t\t<div class=\"elementor-spacer-inner\"><\/div>\n\t\t<\/div>\n\t\t\t\t\t\t<\/div>\n\t\t\t\t<div class=\"elementor-element elementor-element-212c983 elementor-widget__width-inherit wcf-starter-animations-none wcf-t-animation-none elementor-widget elementor-widget-wcf--title\" data-id=\"212c983\" data-element_type=\"widget\" data-e-type=\"widget\" data-settings=\"{&quot;wcf-animation&quot;:&quot;fade&quot;,&quot;data-duration&quot;:0.75,&quot;fade-offset&quot;:40,&quot;wcf_starter_animations&quot;:&quot;none&quot;,&quot;wcf_anim_duration&quot;:1000,&quot;wcf_anim_delay&quot;:0,&quot;wcf_anim_ease&quot;:&quot;ease&quot;,&quot;wcf_text_animation&quot;:&quot;none&quot;,&quot;aae_method&quot;:&quot;from&quot;,&quot;aae_trigger&quot;:&quot;on_scroll&quot;,&quot;delay&quot;:0.15,&quot;fade-from&quot;:&quot;bottom&quot;,&quot;ease&quot;:&quot;power2.out&quot;}\" data-widget_type=\"wcf--title.default\">\n\t\t\t\t<div class=\"elementor-widget-container\">\n\t\t\t\t\t<div class=\"elementor-widget-container\"><h2 class=\"wcf--title\">Nous contacter <\/h2><\/div>\t\t\t\t<\/div>\n\t\t\t\t<\/div>\n\t\t\t\t<div class=\"elementor-element elementor-element-62a75df wcf-starter-animations-none elementor-widget elementor-widget-image\" data-id=\"62a75df\" data-element_type=\"widget\" data-e-type=\"widget\" data-settings=\"{&quot;wcf_starter_animations&quot;:&quot;none&quot;,&quot;wcf_anim_duration&quot;:1000,&quot;wcf_anim_delay&quot;:0,&quot;wcf_anim_ease&quot;:&quot;ease&quot;,&quot;wcf-image-animation&quot;:&quot;none&quot;,&quot;wcf-animation&quot;:&quot;none&quot;}\" data-widget_type=\"image.default\">\n\t\t\t\t\t\t\t\t\t\t\t\t\t\t\t<img fetchpriority=\"high\" decoding=\"async\" width=\"1280\" height=\"720\" src=\"https:\/\/cours-faciles.fr\/wp-content\/uploads\/2026\/02\/Cours-faciles-association.jpg\" class=\"attachment-full size-full wp-image-6168\" alt=\"\" srcset=\"https:\/\/cours-faciles.fr\/wp-content\/uploads\/2026\/02\/Cours-faciles-association.jpg 1280w, https:\/\/cours-faciles.fr\/wp-content\/uploads\/2026\/02\/Cours-faciles-association-300x169.jpg 300w, https:\/\/cours-faciles.fr\/wp-content\/uploads\/2026\/02\/Cours-faciles-association-1024x576.jpg 1024w, https:\/\/cours-faciles.fr\/wp-content\/uploads\/2026\/02\/Cours-faciles-association-768x432.jpg 768w\" sizes=\"(max-width: 1280px) 100vw, 1280px\" \/>\t\t\t\t\t\t\t\t\t\t\t\t\t\t\t<\/div>\n\t\t\t\t<div class=\"elementor-element elementor-element-0250d3e icon-position-before elementor-widget elementor-widget-wcf--contact-form-7\" data-id=\"0250d3e\" data-element_type=\"widget\" data-e-type=\"widget\" data-settings=\"{&quot;wcf-animation&quot;:&quot;fade&quot;,&quot;data-duration&quot;:0.75,&quot;fade-offset&quot;:40,&quot;aae_method&quot;:&quot;from&quot;,&quot;aae_trigger&quot;:&quot;on_scroll&quot;,&quot;delay&quot;:0.15,&quot;fade-from&quot;:&quot;bottom&quot;,&quot;ease&quot;:&quot;power2.out&quot;}\" data-widget_type=\"wcf--contact-form-7.default\">\n\t\t\t\t<div class=\"elementor-widget-container\">\n\t\t\t\t\t        <style>\r\n            .wcf--form-wrapper form label {\r\n                display: block;\r\n            }\r\n        <\/style>\r\n        <div class=\"wcf--form-wrapper\" btn-hover=\"btn-rollover-left\" >\r\n\t\t\t\n<div class=\"wpcf7 no-js\" id=\"wpcf7-f5-o1\" lang=\"fr-FR\" dir=\"ltr\" data-wpcf7-id=\"5\">\n<div class=\"screen-reader-response\"><p role=\"status\" aria-live=\"polite\" aria-atomic=\"true\"><\/p> <ul><\/ul><\/div>\n<form action=\"\/en\/wp-json\/wp\/v2\/pages\/61#wpcf7-f5-o1\" method=\"post\" class=\"wpcf7-form init\" aria-label=\"Formulaire de contact\" novalidate=\"novalidate\" data-status=\"init\" data-trp-original-action=\"\/en\/wp-json\/wp\/v2\/pages\/61#wpcf7-f5-o1\">\n<fieldset class=\"hidden-fields-container\"><input type=\"hidden\" name=\"_wpcf7\" value=\"5\" \/><input type=\"hidden\" name=\"_wpcf7_version\" value=\"6.1.5\" \/><input type=\"hidden\" name=\"_wpcf7_locale\" value=\"fr_FR\" \/><input type=\"hidden\" name=\"_wpcf7_unit_tag\" value=\"wpcf7-f5-o1\" \/><input type=\"hidden\" name=\"_wpcf7_container_post\" value=\"0\" \/><input type=\"hidden\" name=\"_wpcf7_posted_data_hash\" value=\"\" \/>\n<\/fieldset>\n<p><label> Your Name<br \/>\n<span class=\"wpcf7-form-control-wrap\" data-name=\"your-name\"><input size=\"40\" maxlength=\"400\" class=\"wpcf7-form-control wpcf7-text wpcf7-validates-as-required\" autocomplete=\"name\" aria-required=\"true\" aria-invalid=\"false\" value=\"\" type=\"text\" name=\"your-name\" \/><\/span> <\/label>\n<\/p>\n<p><label> Your email<br \/>\n<span class=\"wpcf7-form-control-wrap\" data-name=\"your-email\"><input size=\"40\" maxlength=\"400\" class=\"wpcf7-form-control wpcf7-email wpcf7-validates-as-required wpcf7-text wpcf7-validates-as-email\" autocomplete=\"email\" aria-required=\"true\" aria-invalid=\"false\" value=\"\" type=\"email\" name=\"your-email\" \/><\/span> <\/label>\n<\/p>\n<p><label> Your phone number<br \/>\n<span class=\"wpcf7-form-control-wrap\" data-name=\"tel-884\"><input size=\"40\" maxlength=\"400\" class=\"wpcf7-form-control wpcf7-tel wpcf7-text wpcf7-validates-as-tel\" aria-invalid=\"false\" value=\"\" type=\"tel\" name=\"tel-884\" \/><\/span> <\/label>\n<\/p>\n<p><label> Object<br \/>\n<span class=\"wpcf7-form-control-wrap\" data-name=\"your-subject\"><input size=\"40\" maxlength=\"400\" class=\"wpcf7-form-control wpcf7-text wpcf7-validates-as-required\" aria-required=\"true\" aria-invalid=\"false\" value=\"\" type=\"text\" name=\"your-subject\" \/><\/span> <\/label>\n<\/p>\n<p><label> Your message<br \/>\n<span class=\"wpcf7-form-control-wrap\" data-name=\"your-message\"><textarea cols=\"40\" rows=\"10\" maxlength=\"2000\" class=\"wpcf7-form-control wpcf7-textarea\" aria-invalid=\"false\" name=\"your-message\"><\/textarea><\/span> <\/label>\n<\/p>\n<p><input class=\"wpcf7-form-control wpcf7-submit has-spinner\" type=\"submit\" value=\"Send\" \/>\n<\/p><div class=\"wpcf7-response-output\" aria-hidden=\"true\"><\/div>\n<input type=\"hidden\" name=\"trp-form-language\" value=\"en\"\/><\/form>\n<\/div>\n            <div class=\"btn-icon elementor-screen-only\">\r\n\t\t\t\t<i aria-hidden=\"true\" class=\"vendy-theme wcftheme-wcf-icon icon-wcf-plus\"><\/i>            <\/div>\r\n        <\/div>\r\n\r\n\t\t\t\t\t\t<\/div>\n\t\t\t\t<\/div>\n\t\t\t\t\t<\/div>\n\t\t\t\t<\/div>\n\t\t\t\t<\/div>","protected":false},"excerpt":{"rendered":"<p>Nous contacter Votre nom Votre e-mail Votre num\u00e9ro de t\u00e9l\u00e9phone Objet Votre message<\/p>","protected":false},"author":1,"featured_media":0,"parent":0,"menu_order":0,"comment_status":"closed","ping_status":"closed","template":"elementor_header_footer","meta":{"footnotes":""},"class_list":["post-61","page","type-page","status-publish","hentry"],"yoast_head":"<!-- This site is optimized with the Yoast SEO plugin v27.2 - https:\/\/yoast.com\/product\/yoast-seo-wordpress\/ -->\n<title>Contactez-nous - Cours de fran\u00e7ais FLE personnalis\u00e9s en ligne - Cours de Fran\u00e7ais<\/title>\n<meta name=\"robots\" content=\"index, follow, max-snippet:-1, max-image-preview:large, max-video-preview:-1\" \/>\n<link rel=\"canonical\" href=\"https:\/\/cours-faciles.fr\/en\/contact\/\" \/>\n<meta property=\"og:locale\" content=\"en_US\" \/>\n<meta property=\"og:type\" content=\"article\" \/>\n<meta property=\"og:title\" content=\"Contactez-nous - Cours de fran\u00e7ais FLE personnalis\u00e9s en ligne - Cours de Fran\u00e7ais\" \/>\n<meta property=\"og:description\" content=\"Nous contacter Votre nom Votre e-mail Votre num\u00e9ro de t\u00e9l\u00e9phone Objet Votre message\" \/>\n<meta property=\"og:url\" content=\"https:\/\/cours-faciles.fr\/en\/contact\/\" \/>\n<meta property=\"og:site_name\" content=\"Cours de fran\u00e7ais FLE personnalis\u00e9s en ligne - Cours de Fran\u00e7ais\" \/>\n<meta property=\"article:modified_time\" content=\"2026-02-19T09:09:10+00:00\" \/>\n<meta property=\"og:image\" content=\"https:\/\/cours-faciles.fr\/wp-content\/uploads\/2026\/02\/Cours-faciles-association.jpg\" \/>\n<meta name=\"twitter:card\" content=\"summary_large_image\" \/>\n<meta name=\"twitter:label1\" content=\"Est. reading time\" \/>\n\t<meta name=\"twitter:data1\" content=\"1 minute\" \/>\n<script type=\"application\/ld+json\" class=\"yoast-schema-graph\">{\"@context\":\"https:\/\/schema.org\",\"@graph\":[{\"@type\":\"WebPage\",\"@id\":\"https:\/\/cours-faciles.fr\/contact\/\",\"url\":\"https:\/\/cours-faciles.fr\/contact\/\",\"name\":\"Contactez-nous - Cours de fran\u00e7ais FLE personnalis\u00e9s en ligne - Cours de Fran\u00e7ais\",\"isPartOf\":{\"@id\":\"https:\/\/cours-faciles.fr\/#website\"},\"primaryImageOfPage\":{\"@id\":\"https:\/\/cours-faciles.fr\/contact\/#primaryimage\"},\"image\":{\"@id\":\"https:\/\/cours-faciles.fr\/contact\/#primaryimage\"},\"thumbnailUrl\":\"https:\/\/cours-faciles.fr\/wp-content\/uploads\/2026\/02\/Cours-faciles-association.jpg\",\"datePublished\":\"2024-10-29T10:10:09+00:00\",\"dateModified\":\"2026-02-19T09:09:10+00:00\",\"breadcrumb\":{\"@id\":\"https:\/\/cours-faciles.fr\/contact\/#breadcrumb\"},\"inLanguage\":\"en-US\",\"potentialAction\":[{\"@type\":\"ReadAction\",\"target\":[\"https:\/\/cours-faciles.fr\/contact\/\"]}]},{\"@type\":\"ImageObject\",\"inLanguage\":\"en-US\",\"@id\":\"https:\/\/cours-faciles.fr\/contact\/#primaryimage\",\"url\":\"https:\/\/cours-faciles.fr\/wp-content\/uploads\/2026\/02\/Cours-faciles-association.jpg\",\"contentUrl\":\"https:\/\/cours-faciles.fr\/wp-content\/uploads\/2026\/02\/Cours-faciles-association.jpg\"},{\"@type\":\"BreadcrumbList\",\"@id\":\"https:\/\/cours-faciles.fr\/contact\/#breadcrumb\",\"itemListElement\":[{\"@type\":\"ListItem\",\"position\":1,\"name\":\"Accueil\",\"item\":\"https:\/\/cours-faciles.fr\/\"},{\"@type\":\"ListItem\",\"position\":2,\"name\":\"Contactez-nous\"}]},{\"@type\":\"WebSite\",\"@id\":\"https:\/\/cours-faciles.fr\/#website\",\"url\":\"https:\/\/cours-faciles.fr\/\",\"name\":\"Cours de fran\u00e7ais FLE personnalis\u00e9s en ligne - Cours de Fran\u00e7ais\",\"description\":\"Apprenez le fran\u00e7ais avec passion, excellez dans vos \u00e9tudes avec notre accompagnement.\",\"publisher\":{\"@id\":\"https:\/\/cours-faciles.fr\/#organization\"},\"potentialAction\":[{\"@type\":\"SearchAction\",\"target\":{\"@type\":\"EntryPoint\",\"urlTemplate\":\"https:\/\/cours-faciles.fr\/?s={search_term_string}\"},\"query-input\":{\"@type\":\"PropertyValueSpecification\",\"valueRequired\":true,\"valueName\":\"search_term_string\"}}],\"inLanguage\":\"en-US\"},{\"@type\":\"Organization\",\"@id\":\"https:\/\/cours-faciles.fr\/#organization\",\"name\":\"Cours-Faciles.fr\",\"url\":\"https:\/\/cours-faciles.fr\/\",\"logo\":{\"@type\":\"ImageObject\",\"inLanguage\":\"en-US\",\"@id\":\"https:\/\/cours-faciles.fr\/#\/schema\/logo\/image\/\",\"url\":\"https:\/\/cours-faciles.fr\/wp-content\/uploads\/2026\/02\/minilogo-cours-faciles.jpg\",\"contentUrl\":\"https:\/\/cours-faciles.fr\/wp-content\/uploads\/2026\/02\/minilogo-cours-faciles.jpg\",\"width\":600,\"height\":600,\"caption\":\"Cours-Faciles.fr\"},\"image\":{\"@id\":\"https:\/\/cours-faciles.fr\/#\/schema\/logo\/image\/\"}}]}<\/script>\n<!-- \/ Yoast SEO plugin. -->","yoast_head_json":{"title":"Contactez-nous - Cours de fran\u00e7ais FLE personnalis\u00e9s en ligne - Cours de Fran\u00e7ais","robots":{"index":"index","follow":"follow","max-snippet":"max-snippet:-1","max-image-preview":"max-image-preview:large","max-video-preview":"max-video-preview:-1"},"canonical":"https:\/\/cours-faciles.fr\/en\/contact\/","og_locale":"en_US","og_type":"article","og_title":"Contactez-nous - Cours de fran\u00e7ais FLE personnalis\u00e9s en ligne - Cours de Fran\u00e7ais","og_description":"Nous contacter Votre nom Votre e-mail Votre num\u00e9ro de t\u00e9l\u00e9phone Objet Votre message","og_url":"https:\/\/cours-faciles.fr\/en\/contact\/","og_site_name":"Cours de fran\u00e7ais FLE personnalis\u00e9s en ligne - Cours de Fran\u00e7ais","article_modified_time":"2026-02-19T09:09:10+00:00","og_image":[{"url":"https:\/\/cours-faciles.fr\/wp-content\/uploads\/2026\/02\/Cours-faciles-association.jpg","type":"","width":"","height":""}],"twitter_card":"summary_large_image","twitter_misc":{"Est. reading time":"1 minute"},"schema":{"@context":"https:\/\/schema.org","@graph":[{"@type":"WebPage","@id":"https:\/\/cours-faciles.fr\/contact\/","url":"https:\/\/cours-faciles.fr\/contact\/","name":"Contactez-nous - Cours de fran\u00e7ais FLE personnalis\u00e9s en ligne - Cours de Fran\u00e7ais","isPartOf":{"@id":"https:\/\/cours-faciles.fr\/#website"},"primaryImageOfPage":{"@id":"https:\/\/cours-faciles.fr\/contact\/#primaryimage"},"image":{"@id":"https:\/\/cours-faciles.fr\/contact\/#primaryimage"},"thumbnailUrl":"https:\/\/cours-faciles.fr\/wp-content\/uploads\/2026\/02\/Cours-faciles-association.jpg","datePublished":"2024-10-29T10:10:09+00:00","dateModified":"2026-02-19T09:09:10+00:00","breadcrumb":{"@id":"https:\/\/cours-faciles.fr\/contact\/#breadcrumb"},"inLanguage":"en-US","potentialAction":[{"@type":"ReadAction","target":["https:\/\/cours-faciles.fr\/contact\/"]}]},{"@type":"ImageObject","inLanguage":"en-US","@id":"https:\/\/cours-faciles.fr\/contact\/#primaryimage","url":"https:\/\/cours-faciles.fr\/wp-content\/uploads\/2026\/02\/Cours-faciles-association.jpg","contentUrl":"https:\/\/cours-faciles.fr\/wp-content\/uploads\/2026\/02\/Cours-faciles-association.jpg"},{"@type":"BreadcrumbList","@id":"https:\/\/cours-faciles.fr\/contact\/#breadcrumb","itemListElement":[{"@type":"ListItem","position":1,"name":"Accueil","item":"https:\/\/cours-faciles.fr\/"},{"@type":"ListItem","position":2,"name":"Contactez-nous"}]},{"@type":"WebSite","@id":"https:\/\/cours-faciles.fr\/#website","url":"https:\/\/cours-faciles.fr\/","name":"Cours de fran\u00e7ais FLE personnalis\u00e9s en ligne - Cours de Fran\u00e7ais","description":"Apprenez le fran\u00e7ais avec passion, excellez dans vos \u00e9tudes avec notre accompagnement.","publisher":{"@id":"https:\/\/cours-faciles.fr\/#organization"},"potentialAction":[{"@type":"SearchAction","target":{"@type":"EntryPoint","urlTemplate":"https:\/\/cours-faciles.fr\/?s={search_term_string}"},"query-input":{"@type":"PropertyValueSpecification","valueRequired":true,"valueName":"search_term_string"}}],"inLanguage":"en-US"},{"@type":"Organization","@id":"https:\/\/cours-faciles.fr\/#organization","name":"Cours-Faciles.fr","url":"https:\/\/cours-faciles.fr\/","logo":{"@type":"ImageObject","inLanguage":"en-US","@id":"https:\/\/cours-faciles.fr\/#\/schema\/logo\/image\/","url":"https:\/\/cours-faciles.fr\/wp-content\/uploads\/2026\/02\/minilogo-cours-faciles.jpg","contentUrl":"https:\/\/cours-faciles.fr\/wp-content\/uploads\/2026\/02\/minilogo-cours-faciles.jpg","width":600,"height":600,"caption":"Cours-Faciles.fr"},"image":{"@id":"https:\/\/cours-faciles.fr\/#\/schema\/logo\/image\/"}}]}},"_links":{"self":[{"href":"https:\/\/cours-faciles.fr\/en\/wp-json\/wp\/v2\/pages\/61","targetHints":{"allow":["GET"]}}],"collection":[{"href":"https:\/\/cours-faciles.fr\/en\/wp-json\/wp\/v2\/pages"}],"about":[{"href":"https:\/\/cours-faciles.fr\/en\/wp-json\/wp\/v2\/types\/page"}],"author":[{"embeddable":true,"href":"https:\/\/cours-faciles.fr\/en\/wp-json\/wp\/v2\/users\/1"}],"replies":[{"embeddable":true,"href":"https:\/\/cours-faciles.fr\/en\/wp-json\/wp\/v2\/comments?post=61"}],"version-history":[{"count":50,"href":"https:\/\/cours-faciles.fr\/en\/wp-json\/wp\/v2\/pages\/61\/revisions"}],"predecessor-version":[{"id":6554,"href":"https:\/\/cours-faciles.fr\/en\/wp-json\/wp\/v2\/pages\/61\/revisions\/6554"}],"wp:attachment":[{"href":"https:\/\/cours-faciles.fr\/en\/wp-json\/wp\/v2\/media?parent=61"}],"curies":[{"name":"wp","href":"https:\/\/api.w.org\/{rel}","templated":true}]}}